{"id":624,"date":"2024-01-29T12:09:06","date_gmt":"2024-01-29T12:09:06","guid":{"rendered":"https:\/\/hotellatenteverte.com\/?page_id=624"},"modified":"2024-01-29T12:21:56","modified_gmt":"2024-01-29T12:21:56","slug":"mentions-legales","status":"publish","type":"page","link":"https:\/\/hotellatenteverte.com\/fr_FR\/mentions-legales\/","title":{"rendered":"Mentions L\u00e9gales"},"content":{"rendered":"\t\t<div data-elementor-type=\"wp-page\" data-elementor-id=\"624\" class=\"elementor elementor-624\" data-elementor-post-type=\"page\">\n\t\t\t\t\t\t\t<div class=\"elementor-element elementor-element-3f64aff e-flex e-con-boxed e-con e-parent\" data-id=\"3f64aff\" data-element_type=\"container\" data-settings=\"{&quot;container_type&quot;:&quot;flex&quot;,&quot;content_width&quot;:&quot;boxed&quot;}\" data-core-v316-plus=\"true\">\n\t\t\t\t\t<div class=\"e-con-inner\">\n\t\t\t\t<div class=\"elementor-element elementor-element-86fcc8e elementor-widget elementor-widget-heading\" data-id=\"86fcc8e\" data-element_type=\"widget\" data-widget_type=\"heading.default\">\n\t\t\t\t<div class=\"elementor-widget-container\">\n\t\t\t<style>\/*! elementor - v3.17.0 - 08-11-2023 *\/\n.elementor-heading-title{padding:0;margin:0;line-height:1}.elementor-widget-heading .elementor-heading-title[class*=elementor-size-]>a{color:inherit;font-size:inherit;line-height:inherit}.elementor-widget-heading .elementor-heading-title.elementor-size-small{font-size:15px}.elementor-widget-heading .elementor-heading-title.elementor-size-medium{font-size:19px}.elementor-widget-heading .elementor-heading-title.elementor-size-large{font-size:29px}.elementor-widget-heading .elementor-heading-title.elementor-size-xl{font-size:39px}.elementor-widget-heading .elementor-heading-title.elementor-size-xxl{font-size:59px}<\/style><h2 class=\"elementor-heading-title elementor-size-default\">Mentions L\u00e9gales<\/h2>\t\t<\/div>\n\t\t\t\t<\/div>\n\t\t\t\t<div class=\"elementor-element elementor-element-311a0bd elementor-widget elementor-widget-text-editor\" data-id=\"311a0bd\" data-element_type=\"widget\" data-widget_type=\"text-editor.default\">\n\t\t\t\t<div class=\"elementor-widget-container\">\n\t\t\t<style>\/*! elementor - v3.17.0 - 08-11-2023 *\/\n.elementor-widget-text-editor.elementor-drop-cap-view-stacked .elementor-drop-cap{background-color:#69727d;color:#fff}.elementor-widget-text-editor.elementor-drop-cap-view-framed .elementor-drop-cap{color:#69727d;border:3px solid;background-color:transparent}.elementor-widget-text-editor:not(.elementor-drop-cap-view-default) .elementor-drop-cap{margin-top:8px}.elementor-widget-text-editor:not(.elementor-drop-cap-view-default) .elementor-drop-cap-letter{width:1em;height:1em}.elementor-widget-text-editor .elementor-drop-cap{float:left;text-align:center;line-height:1;font-size:50px}.elementor-widget-text-editor .elementor-drop-cap-letter{display:inline-block}<\/style>\t\t\t\t<div><div><strong>1 \u2013 \u00c9dition du site<\/strong><\/div><div>\u00a0<\/div><div>\u00a0\u00a0\u00a0 En vertu de l\u2019article 6 de la loi n\u00b0 2004-575 du 21 juin 2004 pour la confiance dans l\u2019\u00e9conomie num\u00e9rique, il est pr\u00e9cis\u00e9 aux utilisateurs du site internet www.hotellatenteverte.com l\u2019identit\u00e9 des diff\u00e9rents intervenants dans le cadre de sa r\u00e9alisation et de son suivi:<\/div><div>Propri\u00e9taire du site : H\u00f4tel La Tente Verte \u2013 Contact : hotellatenteverte@orange.fr<\/div><div>Identification de l\u2019association : H\u00f4tel La Tente Verte \u2013 SARL Unipersonnelle au capital de 8 000,00\u20ac \u2013 SIRET : 50195356600012 \u2013 RCS Dunkerque B 501 953 566<\/div><div>\u00a0<\/div><div>Dirigeant : St\u00e9phane SALOMEZ \u2013 Contact : hotellatenteverte@orange.fr<\/div><div>\u00a0<\/div><div>H\u00e9bergeur : OVH \u2013 2 rue Kellermann, 59100 Roubaix<\/div><div>\u00a0<\/div><div>D\u00e9l\u00e9gu\u00e9 \u00e0 la protection des donn\u00e9es : St\u00e9phane SALOMEZ \u2013 Contact : hotellatenteverte@orange.fr<\/div><\/div><div>\u00a0<\/div><div>\u00a0<\/div><div><div><strong>2 \u2013 Propri\u00e9t\u00e9 intellectuelle et contrefa\u00e7ons.<\/strong><\/div><div>\u00a0<\/div><div>\u00a0\u00a0\u00a0 H\u00f4tel La Tente Verte est propri\u00e9taire des droits de propri\u00e9t\u00e9 intellectuelle et d\u00e9tient les droits d\u2019usage sur tous les \u00e9l\u00e9ments accessibles sur le site internet, notamment les textes, images, graphismes, logos, vid\u00e9os, architecture, ic\u00f4nes et sons.<\/div><div>\u00a0<\/div><div>Toute reproduction, repr\u00e9sentation, modification, publication, adaptation de tout ou partie des \u00e9l\u00e9ments du site, quel que soit le moyen ou le proc\u00e9d\u00e9 utilis\u00e9, est interdite, sauf autorisation \u00e9crite pr\u00e9alable de H\u00f4tel La Tente Verte.<\/div><div>\u00a0<\/div><div>Toute exploitation non autoris\u00e9e du site ou de l\u2019un quelconque des \u00e9l\u00e9ments qu\u2019il contient sera consid\u00e9r\u00e9e comme constitutive d\u2019une contrefa\u00e7on et poursuivie conform\u00e9ment aux dispositions des articles L.335-2 et suivants du Code de Propri\u00e9t\u00e9 Intellectuelle.<\/div><\/div><div>\u00a0<\/div><div>\u00a0<\/div><div><div><strong>3 \u2013 Limitations de responsabilit\u00e9.<\/strong><\/div><div>\u00a0<\/div><div>\u00a0\u00a0\u00a0 H\u00f4tel La Tente Verte ne pourra \u00eatre tenu pour responsable des dommages directs et indirects caus\u00e9s au mat\u00e9riel de l\u2019utilisateur, lors de l\u2019acc\u00e8s au site www.hotellatenteverte.com.<\/div><div>\u00a0<\/div><div>H\u00f4tel La Tente Verte d\u00e9cline toute responsabilit\u00e9 quant \u00e0 l\u2019utilisation qui pourrait \u00eatre faite des informations et contenus pr\u00e9sents sur www.hotellatenteverte.com.<\/div><div>\u00a0<\/div><div>H\u00f4tel La Tente Verte s\u2019engage \u00e0 s\u00e9curiser au mieux le site www.hotellatenteverte.com, cependant sa responsabilit\u00e9 ne pourra \u00eatre mise en cause si des donn\u00e9es ind\u00e9sirables sont import\u00e9es et install\u00e9es sur son site \u00e0 son insu.<\/div><div>\u00a0<\/div><div>Des espaces interactifs (espace contact ou commentaires) sont \u00e0 la disposition des utilisateurs. H\u00f4tel La Tente Verte se r\u00e9serve le droit de supprimer, sans mise en demeure pr\u00e9alable, tout contenu d\u00e9pos\u00e9 dans cet espace qui contreviendrait \u00e0 la l\u00e9gislation applicable en France, en particulier aux dispositions relatives \u00e0 la protection des donn\u00e9es.<\/div><div>\u00a0<\/div><div>Le cas \u00e9ch\u00e9ant, H\u00f4tel La Tente Verte se r\u00e9serve \u00e9galement la possibilit\u00e9 de mettre en cause la responsabilit\u00e9 civile et\/ou p\u00e9nale de l\u2019utilisateur, notamment en cas de message \u00e0 caract\u00e8re raciste, injurieux, diffamant, ou pornographique, quel que soit le support utilis\u00e9 (texte, photographie \u2026).<\/div><\/div><div>\u00a0<\/div><div>\u00a0<\/div><div><div><strong>4 \u2013 CNIL et gestion des donn\u00e9es personnelles.<\/strong><\/div><div>\u00a0<\/div><div>Conform\u00e9ment aux dispositions de la loi 78-17 du 6 janvier 1978 modifi\u00e9e, l\u2019utilisateur du site www.hotellatenteverte.com dispose d\u2019un droit d\u2019acc\u00e8s, de modification et de suppression des informations collect\u00e9es. Pour exercer ce droit, envoyez un message \u00e0 notre D\u00e9l\u00e9gu\u00e9 \u00e0 la Protection des Donn\u00e9es mentionn\u00e9e au d\u00e9but de cette page.<\/div><div>\u00a0<\/div><div>Pour plus d\u2019informations sur la fa\u00e7on dont nous traitons vos donn\u00e9es (type de donn\u00e9es, finalit\u00e9, destinataire\u2026), lisez notre Politique de confidentialit\u00e9<\/div><\/div><div>\u00a0<\/div><div>\u00a0<\/div><div><div><strong>5 \u2013 Liens hypertextes et cookies<\/strong><\/div><div>\u00a0<\/div><div>Le site www.hotellatenteverte.com contient des liens hypertextes vers d\u2019autres sites et d\u00e9gage toute responsabilit\u00e9 \u00e0 propos de ces liens externes ou des liens cr\u00e9\u00e9s par d\u2019autres sites vers www.hotellatenteverte.com.<\/div><div>\u00a0<\/div><div>La navigation sur le site www.hotellatenteverte.com est susceptible de provoquer l\u2019installation de cookie(s) sur l\u2019ordinateur de l\u2019utilisateur.<\/div><div>Un \u201ccookie\u201d est un fichier de petite taille qui enregistre des informations relatives \u00e0 la navigation d\u2019un utilisateur sur un site. Les donn\u00e9es ainsi obtenues permettent d\u2019obtenir des mesures de fr\u00e9quentation, par exemple.<\/div><div>\u00a0<\/div><div>Vous avez la possibilit\u00e9 d\u2019accepter ou de refuser les cookies en modifiant les param\u00e8tres de votre navigateur. Aucun cookie ne sera d\u00e9pos\u00e9 sans votre consentement.<\/div><div>\u00a0<\/div><div>Les cookies sont enregistr\u00e9s pour une dur\u00e9e maximale de 6 mois.<\/div><div>\u00a0<\/div><div>Pour plus d\u2019informations sur la fa\u00e7on dont nous faisons usage des cookies, lisez notre Politique de confidentialit\u00e9.<\/div><\/div><div>\u00a0<\/div><div>\u00a0<\/div><div><div><strong>6 \u2013 Droit applicable et attribution de juridiction.<\/strong><\/div><div>\u00a0<\/div><div>Tout litige en relation avec l\u2019utilisation du site www.hotellatenteverte.com est soumis au droit fran\u00e7ais. En dehors des cas o\u00f9 la loi ne le permet pas, il est fait attribution exclusive de juridiction aux tribunaux comp\u00e9tents de Paris.<\/div><\/div>\t\t\t\t\t\t<\/div>\n\t\t\t\t<\/div>\n\t\t\t\t\t<\/div>\n\t\t\t\t<\/div>\n\t\t\t\t\t\t\t<\/div>\n\t\t","protected":false},"excerpt":{"rendered":"<p>Mentions L\u00e9gales 1 \u2013 \u00c9dition du site\u00a0\u00a0\u00a0\u00a0 En vertu de l\u2019article 6 de la loi n\u00b0 2004-575 du 21 juin 2004 pour la confiance dans l\u2019\u00e9conomie num\u00e9rique, il est pr\u00e9cis\u00e9 aux utilisateurs du site internet www.hotellatenteverte.com l\u2019identit\u00e9 des diff\u00e9rents intervenants dans le cadre de sa r\u00e9alisation et de son suivi:Propri\u00e9taire du site : H\u00f4tel La [&hellip;]<\/p>\n","protected":false},"author":1,"featured_media":0,"parent":0,"menu_order":0,"comment_status":"closed","ping_status":"closed","template":"","meta":{"footnotes":""},"class_list":["post-624","page","type-page","status-publish","hentry"],"_links":{"self":[{"href":"https:\/\/hotellatenteverte.com\/fr_FR\/wp-json\/wp\/v2\/pages\/624","targetHints":{"allow":["GET"]}}],"collection":[{"href":"https:\/\/hotellatenteverte.com\/fr_FR\/wp-json\/wp\/v2\/pages"}],"about":[{"href":"https:\/\/hotellatenteverte.com\/fr_FR\/wp-json\/wp\/v2\/types\/page"}],"author":[{"embeddable":true,"href":"https:\/\/hotellatenteverte.com\/fr_FR\/wp-json\/wp\/v2\/users\/1"}],"replies":[{"embeddable":true,"href":"https:\/\/hotellatenteverte.com\/fr_FR\/wp-json\/wp\/v2\/comments?post=624"}],"version-history":[{"count":7,"href":"https:\/\/hotellatenteverte.com\/fr_FR\/wp-json\/wp\/v2\/pages\/624\/revisions"}],"predecessor-version":[{"id":633,"href":"https:\/\/hotellatenteverte.com\/fr_FR\/wp-json\/wp\/v2\/pages\/624\/revisions\/633"}],"wp:attachment":[{"href":"https:\/\/hotellatenteverte.com\/fr_FR\/wp-json\/wp\/v2\/media?parent=624"}],"curies":[{"name":"wp","href":"https:\/\/api.w.org\/{rel}","templated":true}]}}